{"id":1052,"date":"2025-02-18T13:00:38","date_gmt":"2025-02-18T12:00:38","guid":{"rendered":"https:\/\/hotel.borivage.be\/?page_id=1052"},"modified":"2025-02-18T15:54:59","modified_gmt":"2025-02-18T14:54:59","slug":"jobs","status":"publish","type":"page","link":"https:\/\/hotel.borivage.be\/nl\/jobs\/","title":{"rendered":"Jobs"},"content":{"rendered":"<div data-elementor-type=\"wp-page\" data-elementor-id=\"1052\" class=\"elementor elementor-1052\" data-elementor-post-type=\"page\">\n\t\t\t\t\t\t<section class=\"elementor-section elementor-top-section elementor-element elementor-element-e67676d elementor-section-height-min-height elementor-section-boxed elementor-section-height-default elementor-section-items-middle\" data-id=\"e67676d\" data-element_type=\"section\" data-e-type=\"section\" data-settings=\"{&quot;background_background&quot;:&quot;classic&quot;}\">\n\t\t\t\t\t\t<div class=\"elementor-container elementor-column-gap-default\">\n\t\t\t\t\t<div class=\"elementor-column elementor-col-100 elementor-top-column elementor-element elementor-element-bca36be\" data-id=\"bca36be\" data-element_type=\"column\" data-e-type=\"column\">\n\t\t\t<div class=\"elementor-widget-wrap\">\n\t\t\t\t\t\t\t<\/div>\n\t\t<\/div>\n\t\t\t\t\t<\/div>\n\t\t<\/section>\n\t\t\t\t<section class=\"elementor-section elementor-top-section elementor-element elementor-element-fe5d422 elementor-section-full_width elementor-section-height-min-height elementor-section-stretched elementor-section-height-default elementor-section-items-middle elementor-invisible\" data-id=\"fe5d422\" data-element_type=\"section\" data-e-type=\"section\" data-settings=\"{&quot;stretch_section&quot;:&quot;section-stretched&quot;,&quot;background_background&quot;:&quot;classic&quot;,&quot;animation&quot;:&quot;slideInUp&quot;}\">\n\t\t\t\t\t\t\t<div class=\"elementor-background-overlay\"><\/div>\n\t\t\t\t\t\t\t<div class=\"elementor-container elementor-column-gap-default\">\n\t\t\t\t\t<div class=\"elementor-column elementor-col-100 elementor-top-column elementor-element elementor-element-73662bf\" data-id=\"73662bf\" data-element_type=\"column\" data-e-type=\"column\">\n\t\t\t<div class=\"elementor-widget-wrap elementor-element-populated\">\n\t\t\t\t\t\t<div class=\"elementor-element elementor-element-7477d16 elementor-widget elementor-widget-heading\" data-id=\"7477d16\" data-element_type=\"widget\" data-e-type=\"widget\" data-widget_type=\"heading.default\">\n\t\t\t\t<div class=\"elementor-widget-container\">\n\t\t\t\t\t<h2 class=\"elementor-heading-title elementor-size-default\">jobs<\/h2>\t\t\t\t<\/div>\n\t\t\t\t<\/div>\n\t\t\t\t<div class=\"elementor-element elementor-element-cc04ef9 elementor-widget elementor-widget-text-editor\" data-id=\"cc04ef9\" data-element_type=\"widget\" data-e-type=\"widget\" data-widget_type=\"text-editor.default\">\n\t\t\t\t<div class=\"elementor-widget-container\">\n\t\t\t\t\t\t\t\t\t<p><strong>Sluit je aan bij<\/strong> ons gepassioneerde hotelteam!<br \/>Hou je van gastvrijheid, het verwelkomen van klanten en het delen van de mooiste plekjes in de regio? Wil je een uitzonderlijke gastervaring bieden? Ontdek onze openstaande vacatures.<br \/>Staat er geen functie tussen die bij jou past? Stuur ons dan je <strong>CV<\/strong> naar <a href=\"mailto:direction.neufchateau@florealgroup.be\">mailto:direction.neufchateau@florealgroup.be<\/a>.<br \/><strong>Interesse in de horeca?<\/strong> Bekijk onze vacatures <strong><a href=\"https:\/\/brasserie.borivage.be\/nl\/jobs\/\" target=\"_blank\" rel=\"noopener\">hier<\/a> <\/strong>voor onze brasserie, op slechts een steenworp afstand van het hotel.<\/p>\t\t\t\t\t\t\t\t<\/div>\n\t\t\t\t<\/div>\n\t\t\t\t<section class=\"elementor-section elementor-inner-section elementor-element elementor-element-669e708 elementor-section-full_width elementor-section-height-default elementor-section-height-default\" data-id=\"669e708\" data-element_type=\"section\" data-e-type=\"section\" data-settings=\"{&quot;background_background&quot;:&quot;classic&quot;}\">\n\t\t\t\t\t\t\t<div class=\"elementor-background-overlay\"><\/div>\n\t\t\t\t\t\t\t<div class=\"elementor-container elementor-column-gap-default\">\n\t\t\t\t\t<div class=\"elementor-column elementor-col-50 elementor-inner-column elementor-element elementor-element-1eba17f elementor-invisible\" data-id=\"1eba17f\" data-element_type=\"column\" data-e-type=\"column\" data-settings=\"{&quot;background_background&quot;:&quot;classic&quot;,&quot;animation&quot;:&quot;slideInUp&quot;}\">\n\t\t\t<div class=\"elementor-widget-wrap elementor-element-populated\">\n\t\t\t\t\t\t<div class=\"elementor-element elementor-element-09ada5b elementor-widget elementor-widget-image\" data-id=\"09ada5b\" data-element_type=\"widget\" data-e-type=\"widget\" data-widget_type=\"image.default\">\n\t\t\t\t<div class=\"elementor-widget-container\">\n\t\t\t\t\t\t\t\t\t\t\t\t\t\t\t<img fetchpriority=\"high\" decoding=\"async\" width=\"800\" height=\"671\" src=\"https:\/\/hotel.borivage.be\/wp-content\/uploads\/2024\/03\/24.png\" class=\"attachment-large size-large wp-image-274\" alt=\"\" srcset=\"https:\/\/hotel.borivage.be\/wp-content\/uploads\/2024\/03\/24.png 940w, https:\/\/hotel.borivage.be\/wp-content\/uploads\/2024\/03\/24-300x251.png 300w, https:\/\/hotel.borivage.be\/wp-content\/uploads\/2024\/03\/24-768x644.png 768w\" sizes=\"(max-width: 800px) 100vw, 800px\" \/>\t\t\t\t\t\t\t\t\t\t\t\t\t\t\t<\/div>\n\t\t\t\t<\/div>\n\t\t\t\t\t<\/div>\n\t\t<\/div>\n\t\t\t\t<div class=\"elementor-column elementor-col-50 elementor-inner-column elementor-element elementor-element-b07450a elementor-invisible\" data-id=\"b07450a\" data-element_type=\"column\" data-e-type=\"column\" data-settings=\"{&quot;background_background&quot;:&quot;classic&quot;,&quot;animation&quot;:&quot;slideInUp&quot;}\">\n\t\t\t<div class=\"elementor-widget-wrap elementor-element-populated\">\n\t\t\t\t\t\t<div class=\"elementor-element elementor-element-a209877 elementor-widget elementor-widget-heading\" data-id=\"a209877\" data-element_type=\"widget\" data-e-type=\"widget\" data-widget_type=\"heading.default\">\n\t\t\t\t<div class=\"elementor-widget-container\">\n\t\t\t\t\t<h2 class=\"elementor-heading-title elementor-size-default\"> Receptiemedewerker (M\/V\/X) \u2013 Hotel B\u00f4 Rivage (Neufch\u00e2teau)<\/h2>\t\t\t\t<\/div>\n\t\t\t\t<\/div>\n\t\t\t\t<div class=\"elementor-element elementor-element-7959d1e elementor-widget__width-initial elementor-widget elementor-widget-text-editor\" data-id=\"7959d1e\" data-element_type=\"widget\" data-e-type=\"widget\" data-widget_type=\"text-editor.default\">\n\t\t\t\t<div class=\"elementor-widget-container\">\n\t\t\t\t\t\t\t\t\t<div class=\"elementToProof\">Ons hotel met 37 moderne kamers biedt een rustige en gastvrije omgeving, ideaal gelegen nabij de Vallei van het Meer en de snelwegen E411\/E25. Als teamlid draag je bij aan een unieke gastervaring, of ze nu voor zaken of ontspanning komen. Werken bij ons betekent een warm team, een prachtige natuurlijke omgeving en een adembenemend uitzicht op het meer!<\/div><div class=\"elementToProof\">\u00a0<\/div><div class=\"elementToProof\"><b>Klaar voor een nieuwe uitdaging en een boost in je carri\u00e8re? Misschien is deze vacature iets voor jou!<\/b><\/div>\t\t\t\t\t\t\t\t<\/div>\n\t\t\t\t<\/div>\n\t\t\t\t<div class=\"elementor-element elementor-element-6c422c4 elementor-widget elementor-widget-toggle\" data-id=\"6c422c4\" data-element_type=\"widget\" data-e-type=\"widget\" data-widget_type=\"toggle.default\">\n\t\t\t\t<div class=\"elementor-widget-container\">\n\t\t\t\t\t\t\t<div class=\"elementor-toggle\">\n\t\t\t\t\t\t\t<div class=\"elementor-toggle-item\">\n\t\t\t\t\t<div id=\"elementor-tab-title-1131\" class=\"elementor-tab-title\" data-tab=\"1\" role=\"button\" aria-controls=\"elementor-tab-content-1131\" aria-expanded=\"false\">\n\t\t\t\t\t\t\t\t\t\t\t\t<span class=\"elementor-toggle-icon elementor-toggle-icon-left\" aria-hidden=\"true\">\n\t\t\t\t\t\t\t\t\t\t\t\t\t\t\t<span class=\"elementor-toggle-icon-closed\"><svg class=\"e-font-icon-svg e-fas-caret-right\" viewbox=\"0 0 192 512\" xmlns=\"http:\/\/www.w3.org\/2000\/svg\"><path d=\"M0 384.662V127.338c0-17.818 21.543-26.741 34.142-14.142l128.662 128.662c7.81 7.81 7.81 20.474 0 28.284L34.142 398.804C21.543 411.404 0 402.48 0 384.662z\"><\/path><\/svg><\/span>\n\t\t\t\t\t\t\t\t<span class=\"elementor-toggle-icon-opened\"><svg class=\"elementor-toggle-icon-opened e-font-icon-svg e-fas-caret-up\" viewbox=\"0 0 320 512\" xmlns=\"http:\/\/www.w3.org\/2000\/svg\"><path d=\"M288.662 352H31.338c-17.818 0-26.741-21.543-14.142-34.142l128.662-128.662c7.81-7.81 20.474-7.81 28.284 0l128.662 128.662c12.6 12.599 3.676 34.142-14.142 34.142z\"><\/path><\/svg><\/span>\n\t\t\t\t\t\t\t\t\t\t\t\t\t<\/span>\n\t\t\t\t\t\t\t\t\t\t\t\t<a class=\"elementor-toggle-title\" tabindex=\"0\">Taken<\/a>\n\t\t\t\t\t<\/div>\n\n\t\t\t\t\t<div id=\"elementor-tab-content-1131\" class=\"elementor-tab-content elementor-clearfix\" data-tab=\"1\" role=\"region\" aria-labelledby=\"elementor-tab-title-1131\"><div class=\"elementToProof\">Een vacature voor receptiemedewerker staat open met de volgende taken:<\/div><div class=\"elementToProof\"><b>\u00a0<\/b><\/div><div class=\"elementToProof\"><b>Het onthaal<\/b><\/div><ul><li>U onthaalt de klanten, u verschaft de nodige informatie en zorgt voor de administratie mbt de check-in, u overhandigt de sleutelkaart en u geeft uitleg over het hotel<\/li><li>U informeert de klanten ( lokale handelaars, restaurants, bezienswaardigheden, wandelroutes, enz.), u lost eventuele problemen op en u bent te allen tijde aandachtig voor de noden van de klanten.<\/li><li>U behandelt interne- en externe reservaties ( restaurant, transport, excursies)<\/li><li>U zorgt voor de administratie mbt de check-out: u maakt facturen op, u rekent af, u ontvangt geld, u controleert de betaling<\/li><\/ul><div class=\"elementToProof\">\u00a0<\/div><div class=\"elementToProof\"><b>De administratie<\/b><\/div><ul><li>U behandelt de documenten ifv de verhuur van de logementen en het verblijf van de klanten<\/li><li>U zorgt voor de gegevens mbt reservaties en betalingen, u stelt het kassa rapport op, u controleert de checklists mbt de verhuur van de logementen, reservaties, annulaties, de wekdienst, enz.) en u klasseert de documenten<\/li><\/ul><div class=\"elementToProof\">\u00a0<\/div><div class=\"elementToProof\"><b>De communicatie<\/b><\/div><ul><li>U geeft, op basis van de planning of op aanvraag, operationele instructies aan de departement- of dienstsverantwoordelijken ( bv. restaurant, poetsdienst,\u2026)<\/li><li>Je meldt de situatie aan je managers of collega's<\/li><li>U beantwoordt de telefoon : u verschaft informatie, u bent verantwoordelijk voor de reservaties, u noteert boodschappen,...<\/li><li>Je beheert de telefoon: je geeft informatie, neemt boekingen op, noteert berichten,...<\/li><li>U bent verantwoordelijk voor de orde en de netheid van de receptie<\/li><\/ul><div class=\"elementToProof\">\u00a0<\/div><div class=\"elementToProof\"><b>Profiel<\/b><\/div><div class=\"elementToProof\">Wij zijn op zoek naar een werkelijke teamplayer die zichzelf in twijfelt durft te trekken, die op zoek is naar innovatie en persoonlijke touch en bij wie de liefde voor de hotellerie in het DNA zit.<\/div><ul><li>U kan u verbaal en schriftelijk uitdrukken in het Frans (de kennis van het Nederlands is een meerwaarde)<\/li><li>U bent gemotiveerd en ondernemend<\/li><li>Je hebt gevoel voor gastvrijheid<\/li><li>U bent creatief en vindt graag nieuwe idee\u00ebn<\/li><li>Kennis van het programma Muse + ervaring met het beheer van groepen is een pluspunt<\/li><li>U bent communicatief en beschikt over een positieve vibe<\/li><li>U kan zowel autonoom als in groep werken<\/li><li>U bent betrouwbaar, punctueel en bent stressbestendig<\/li><li>U bent flexibel, enthousiast en u bent bereid om s \u2019avonds en in het weekend te werken<\/li><\/ul><div class=\"elementToProof\">\u00a0<\/div><div class=\"elementToProof\"><b>Wat we aanbieden<\/b><\/div><div class=\"elementToProof\">Een boeiende functie in een dynamische en gezonde organisatie met een sterk accent op diversiteit, opleidingskansen en doorgroeimogelijkheden.<\/div><ul><li>Een voltijds contract (3 of 4 opeenvolgende dagen van 8h tot 11h en van 14h tot 22h, overnachting ter plaatse)<\/li><li>Een competitief salaris<\/li><li>Een organisatie die ruimte laat aan initiatief en creativiteit<\/li><li>Kilometer- of fietsvergoeding<\/li><li>Mogelijkheid tot interne vorming<\/li><li>Ecocheques<\/li><li>Eindejaarspremie<\/li><li>Speciaal tarief voor alle sites van de Floreal Group<\/li><\/ul><div class=\"elementToProof\">\u00a0<\/div><div class=\"elementToProof\">\u00a0<\/div><div class=\"elementToProof\"><b>Interesse?<\/b><\/div><div class=\"elementToProof\">Vind je je terug in dit profiel of wens je meer informatie over deze vacature?\nAarzel dan niet om je curriculum vitae met je motivatiebrief naar ons op te sturen:<\/div><div class=\"elementToProof\">Floreal Group ter attentie van mevrouw Kathy Spigt<\/div><div class=\"elementToProof\">Site Manager van B\u00f4 Rivage<\/div><div class=\"elementToProof\">Email:\u00a0 <u><a id=\"OWAed64caba-fc12-ca94-ba96-bac224d114df\" class=\"OWAAutoLink\" href=\"mailto:direction.neufchateau@florealgroup.be\">mailto:direction.neufchateau@florealgroup.be<\/a><\/u><\/div><\/div>\n\t\t\t\t<\/div>\n\t\t\t\t\t\t\t\t<\/div>\n\t\t\t\t\t\t<\/div>\n\t\t\t\t<\/div>\n\t\t\t\t\t<\/div>\n\t\t<\/div>\n\t\t\t\t\t<\/div>\n\t\t<\/section>\n\t\t\t\t\t<\/div>\n\t\t<\/div>\n\t\t\t\t\t<\/div>\n\t\t<\/section>\n\t\t\t\t<\/div>","protected":false},"excerpt":{"rendered":"<p>jobs Rejoignez notre \u00e9quipe passionn\u00e9e par l\u2019h\u00f4tellerie !Vous aimez accueillir les clients, leur faire d\u00e9couvrir la r\u00e9gion et offrir une exp\u00e9rience client exceptionnelle ? D\u00e9couvrez nos opportunit\u00e9s d\u2019emploi.Si aucune offre ne correspond \u00e0 votre profil, envoyez-nous votre CV \u00e0 direction.neufchateau@florealgroup.be.Int\u00e9ress\u00e9(e) par la restauration ? D\u00e9couvrez nos offres d\u2019emploi ici pour notre brasserie, situ\u00e9e \u00e0 quelques [&hellip;]<\/p>\n","protected":false},"author":1,"featured_media":0,"parent":0,"menu_order":0,"comment_status":"closed","ping_status":"closed","template":"elementor_header_footer","meta":{"footnotes":""},"class_list":["post-1052","page","type-page","status-publish","hentry"],"_links":{"self":[{"href":"https:\/\/hotel.borivage.be\/nl\/wp-json\/wp\/v2\/pages\/1052","targetHints":{"allow":["GET"]}}],"collection":[{"href":"https:\/\/hotel.borivage.be\/nl\/wp-json\/wp\/v2\/pages"}],"about":[{"href":"https:\/\/hotel.borivage.be\/nl\/wp-json\/wp\/v2\/types\/page"}],"author":[{"embeddable":true,"href":"https:\/\/hotel.borivage.be\/nl\/wp-json\/wp\/v2\/users\/1"}],"replies":[{"embeddable":true,"href":"https:\/\/hotel.borivage.be\/nl\/wp-json\/wp\/v2\/comments?post=1052"}],"version-history":[{"count":26,"href":"https:\/\/hotel.borivage.be\/nl\/wp-json\/wp\/v2\/pages\/1052\/revisions"}],"predecessor-version":[{"id":1326,"href":"https:\/\/hotel.borivage.be\/nl\/wp-json\/wp\/v2\/pages\/1052\/revisions\/1326"}],"wp:attachment":[{"href":"https:\/\/hotel.borivage.be\/nl\/wp-json\/wp\/v2\/media?parent=1052"}],"curies":[{"name":"wp","href":"https:\/\/api.w.org\/{rel}","templated":true}]}}