{"id":265,"date":"2024-03-29T14:35:06","date_gmt":"2024-03-29T13:35:06","guid":{"rendered":"https:\/\/hotel.borivage.be\/?page_id=265"},"modified":"2024-04-16T21:04:42","modified_gmt":"2024-04-16T19:04:42","slug":"floreal-holidays","status":"publish","type":"page","link":"https:\/\/hotel.borivage.be\/fr_fr\/floreal-holidays\/","title":{"rendered":"Floreal Holidays"},"content":{"rendered":"\t\t<div data-elementor-type=\"wp-page\" data-elementor-id=\"265\" class=\"elementor elementor-265\" data-elementor-post-type=\"page\">\n\t\t\t\t\t\t<section class=\"elementor-section elementor-top-section elementor-element elementor-element-cb03f80 elementor-section-height-min-height elementor-section-boxed elementor-section-height-default elementor-section-items-middle\" data-id=\"cb03f80\" data-element_type=\"section\" data-e-type=\"section\" data-settings=\"{&quot;background_background&quot;:&quot;classic&quot;}\">\n\t\t\t\t\t\t<div class=\"elementor-container elementor-column-gap-default\">\n\t\t\t\t\t<div class=\"elementor-column elementor-col-100 elementor-top-column elementor-element elementor-element-10c4a91\" data-id=\"10c4a91\" data-element_type=\"column\" data-e-type=\"column\">\n\t\t\t<div class=\"elementor-widget-wrap\">\n\t\t\t\t\t\t\t<\/div>\n\t\t<\/div>\n\t\t\t\t\t<\/div>\n\t\t<\/section>\n\t\t\t\t<section class=\"elementor-section elementor-top-section elementor-element elementor-element-9fc9d3a elementor-section-full_width elementor-section-height-min-height elementor-section-stretched elementor-section-height-default elementor-section-items-middle\" data-id=\"9fc9d3a\" data-element_type=\"section\" data-e-type=\"section\" data-settings=\"{&quot;stretch_section&quot;:&quot;section-stretched&quot;,&quot;background_background&quot;:&quot;classic&quot;}\">\n\t\t\t\t\t\t\t<div class=\"elementor-background-overlay\"><\/div>\n\t\t\t\t\t\t\t<div class=\"elementor-container elementor-column-gap-default\">\n\t\t\t\t\t<div class=\"elementor-column elementor-col-50 elementor-top-column elementor-element elementor-element-6733d5b\" data-id=\"6733d5b\" data-element_type=\"column\" data-e-type=\"column\">\n\t\t\t<div class=\"elementor-widget-wrap elementor-element-populated\">\n\t\t\t\t\t\t<div class=\"elementor-element elementor-element-26c8b7a elementor-widget elementor-widget-heading\" data-id=\"26c8b7a\" data-element_type=\"widget\" data-e-type=\"widget\" data-widget_type=\"heading.default\">\n\t\t\t\t<div class=\"elementor-widget-container\">\n\t\t\t\t\t<h2 class=\"elementor-heading-title elementor-size-default\">Floreal Holidays<\/h2>\t\t\t\t<\/div>\n\t\t\t\t<\/div>\n\t\t\t\t<div class=\"elementor-element elementor-element-6192838 elementor-widget elementor-widget-heading\" data-id=\"6192838\" data-element_type=\"widget\" data-e-type=\"widget\" data-widget_type=\"heading.default\">\n\t\t\t\t<div class=\"elementor-widget-container\">\n\t\t\t\t\t<h2 class=\"elementor-heading-title elementor-size-default\">parcs de vacances | h\u00f4tels | campings<\/h2>\t\t\t\t<\/div>\n\t\t\t\t<\/div>\n\t\t\t\t<div class=\"elementor-element elementor-element-6b2f78a elementor-widget elementor-widget-image\" data-id=\"6b2f78a\" data-element_type=\"widget\" data-e-type=\"widget\" data-widget_type=\"image.default\">\n\t\t\t\t<div class=\"elementor-widget-container\">\n\t\t\t\t\t\t\t\t\t\t\t\t\t\t\t\t<a href=\"https:\/\/www.florealgroup.be\/fr\" target=\"_blank\">\n\t\t\t\t\t\t\t<img fetchpriority=\"high\" decoding=\"async\" width=\"1080\" height=\"1080\" src=\"https:\/\/hotel.borivage.be\/wp-content\/uploads\/2024\/04\/Floreal-Holidays.jpg\" class=\"attachment-full size-full wp-image-381\" alt=\"\" srcset=\"https:\/\/hotel.borivage.be\/wp-content\/uploads\/2024\/04\/Floreal-Holidays.jpg 1080w, https:\/\/hotel.borivage.be\/wp-content\/uploads\/2024\/04\/Floreal-Holidays-300x300.jpg 300w, https:\/\/hotel.borivage.be\/wp-content\/uploads\/2024\/04\/Floreal-Holidays-1024x1024.jpg 1024w, https:\/\/hotel.borivage.be\/wp-content\/uploads\/2024\/04\/Floreal-Holidays-150x150.jpg 150w, https:\/\/hotel.borivage.be\/wp-content\/uploads\/2024\/04\/Floreal-Holidays-768x768.jpg 768w\" sizes=\"(max-width: 1080px) 100vw, 1080px\" \/>\t\t\t\t\t\t\t\t<\/a>\n\t\t\t\t\t\t\t\t\t\t\t\t\t\t\t<\/div>\n\t\t\t\t<\/div>\n\t\t\t\t<div class=\"elementor-element elementor-element-651e9f3 elementor-widget__width-initial elementor-widget-mobile__width-initial elementor-widget elementor-widget-text-editor\" data-id=\"651e9f3\" data-element_type=\"widget\" data-e-type=\"widget\" data-widget_type=\"text-editor.default\">\n\t\t\t\t<div class=\"elementor-widget-container\">\n\t\t\t\t\t\t\t\t\t<p><\/p>\n<p>L\u2019h\u00f4tel B\u00f4 Rivage fait partie du groupe Floreal Holidays. Depuis 1939, Floreal Holidays propose des vacances inoubliables pour tous, \u00e0 travers ses 4 parcs de vacances comprenant des chambres d\u2019h\u00f4tels, des appartements, des studios, ainsi que l\u2019h\u00f4tel B\u00f4 Rivage et ses nombreux campings r\u00e9partis \u00e0 travers la Belgique.<\/p>\n<p>Chez Floreal Holidays, <b>nous<\/b> <b>nous engageons \u00e0 offrir des vacances accessibles \u00e0 tous<\/b>. Nos domaines et campings offrent bien plus qu&rsquo;un simple h\u00e9bergement : d\u00e9couvrez nos brasseries, nos programmes d&rsquo;animations pendant les vacances scolaires \u00e0 la c\u00f4te et une multitude d&rsquo;autres services. <b>Notre engagement ? Satisfaire pleinement chaque voyageur en leur offrant une exp\u00e9rience compl\u00e8te et m\u00e9morable.<\/b><\/p>\n<p><\/p>\t\t\t\t\t\t\t\t<\/div>\n\t\t\t\t<\/div>\n\t\t\t\t\t<\/div>\n\t\t<\/div>\n\t\t\t\t<div class=\"elementor-column elementor-col-50 elementor-top-column elementor-element elementor-element-2c48f25\" data-id=\"2c48f25\" data-element_type=\"column\" data-e-type=\"column\">\n\t\t\t<div class=\"elementor-widget-wrap elementor-element-populated\">\n\t\t\t\t\t\t<div class=\"elementor-element elementor-element-7bdd249 elementor-widget elementor-widget-image-gallery\" data-id=\"7bdd249\" data-element_type=\"widget\" data-e-type=\"widget\" data-widget_type=\"image-gallery.default\">\n\t\t\t\t<div class=\"elementor-widget-container\">\n\t\t\t\t\t\t\t<div class=\"elementor-image-gallery\">\n\t\t\t<div id='gallery-1' class='gallery galleryid-265 gallery-columns-4 gallery-size-full'><figure class='gallery-item'>\n\t\t\t<div class='gallery-icon landscape'>\n\t\t\t\t<img decoding=\"async\" width=\"940\" height=\"788\" src=\"https:\/\/hotel.borivage.be\/wp-content\/uploads\/2024\/03\/Camping.png\" class=\"attachment-full size-full\" alt=\"\" srcset=\"https:\/\/hotel.borivage.be\/wp-content\/uploads\/2024\/03\/Camping.png 940w, https:\/\/hotel.borivage.be\/wp-content\/uploads\/2024\/03\/Camping-300x251.png 300w, https:\/\/hotel.borivage.be\/wp-content\/uploads\/2024\/03\/Camping-768x644.png 768w\" sizes=\"(max-width: 940px) 100vw, 940px\" \/>\n\t\t\t<\/div><\/figure><figure class='gallery-item'>\n\t\t\t<div class='gallery-icon landscape'>\n\t\t\t\t<img decoding=\"async\" width=\"940\" height=\"788\" src=\"https:\/\/hotel.borivage.be\/wp-content\/uploads\/2024\/03\/Floreal-Blankenberge.png\" class=\"attachment-full size-full\" alt=\"\" srcset=\"https:\/\/hotel.borivage.be\/wp-content\/uploads\/2024\/03\/Floreal-Blankenberge.png 940w, https:\/\/hotel.borivage.be\/wp-content\/uploads\/2024\/03\/Floreal-Blankenberge-300x251.png 300w, https:\/\/hotel.borivage.be\/wp-content\/uploads\/2024\/03\/Floreal-Blankenberge-768x644.png 768w\" sizes=\"(max-width: 940px) 100vw, 940px\" \/>\n\t\t\t<\/div><\/figure><figure class='gallery-item'>\n\t\t\t<div class='gallery-icon landscape'>\n\t\t\t\t<img loading=\"lazy\" decoding=\"async\" width=\"940\" height=\"788\" src=\"https:\/\/hotel.borivage.be\/wp-content\/uploads\/2024\/03\/Floreal-La-Roche.png\" class=\"attachment-full size-full\" alt=\"\" srcset=\"https:\/\/hotel.borivage.be\/wp-content\/uploads\/2024\/03\/Floreal-La-Roche.png 940w, https:\/\/hotel.borivage.be\/wp-content\/uploads\/2024\/03\/Floreal-La-Roche-300x251.png 300w, https:\/\/hotel.borivage.be\/wp-content\/uploads\/2024\/03\/Floreal-La-Roche-768x644.png 768w\" sizes=\"(max-width: 940px) 100vw, 940px\" \/>\n\t\t\t<\/div><\/figure><figure class='gallery-item'>\n\t\t\t<div class='gallery-icon landscape'>\n\t\t\t\t<img loading=\"lazy\" decoding=\"async\" width=\"940\" height=\"788\" src=\"https:\/\/hotel.borivage.be\/wp-content\/uploads\/2024\/03\/Floreal-MSA.png\" class=\"attachment-full size-full\" alt=\"\" srcset=\"https:\/\/hotel.borivage.be\/wp-content\/uploads\/2024\/03\/Floreal-MSA.png 940w, https:\/\/hotel.borivage.be\/wp-content\/uploads\/2024\/03\/Floreal-MSA-300x251.png 300w, https:\/\/hotel.borivage.be\/wp-content\/uploads\/2024\/03\/Floreal-MSA-768x644.png 768w\" sizes=\"(max-width: 940px) 100vw, 940px\" \/>\n\t\t\t<\/div><\/figure><figure class='gallery-item'>\n\t\t\t<div class='gallery-icon landscape'>\n\t\t\t\t<img loading=\"lazy\" decoding=\"async\" width=\"940\" height=\"788\" src=\"https:\/\/hotel.borivage.be\/wp-content\/uploads\/2024\/03\/Floreal-Nieuwpoort.png\" class=\"attachment-full size-full\" alt=\"\" srcset=\"https:\/\/hotel.borivage.be\/wp-content\/uploads\/2024\/03\/Floreal-Nieuwpoort.png 940w, https:\/\/hotel.borivage.be\/wp-content\/uploads\/2024\/03\/Floreal-Nieuwpoort-300x251.png 300w, https:\/\/hotel.borivage.be\/wp-content\/uploads\/2024\/03\/Floreal-Nieuwpoort-768x644.png 768w\" sizes=\"(max-width: 940px) 100vw, 940px\" \/>\n\t\t\t<\/div><\/figure><figure class='gallery-item'>\n\t\t\t<div class='gallery-icon landscape'>\n\t\t\t\t<img loading=\"lazy\" decoding=\"async\" width=\"940\" height=\"788\" src=\"https:\/\/hotel.borivage.be\/wp-content\/uploads\/2024\/03\/24.png\" class=\"attachment-full size-full\" alt=\"\" srcset=\"https:\/\/hotel.borivage.be\/wp-content\/uploads\/2024\/03\/24.png 940w, https:\/\/hotel.borivage.be\/wp-content\/uploads\/2024\/03\/24-300x251.png 300w, https:\/\/hotel.borivage.be\/wp-content\/uploads\/2024\/03\/24-768x644.png 768w\" sizes=\"(max-width: 940px) 100vw, 940px\" \/>\n\t\t\t<\/div><\/figure><figure class='gallery-item'>\n\t\t\t<div class='gallery-icon landscape'>\n\t\t\t\t<img loading=\"lazy\" decoding=\"async\" width=\"940\" height=\"788\" src=\"https:\/\/hotel.borivage.be\/wp-content\/uploads\/2024\/03\/Hotel-Bo-Rivage.png\" class=\"attachment-full size-full\" alt=\"\" srcset=\"https:\/\/hotel.borivage.be\/wp-content\/uploads\/2024\/03\/Hotel-Bo-Rivage.png 940w, https:\/\/hotel.borivage.be\/wp-content\/uploads\/2024\/03\/Hotel-Bo-Rivage-300x251.png 300w, https:\/\/hotel.borivage.be\/wp-content\/uploads\/2024\/03\/Hotel-Bo-Rivage-768x644.png 768w\" sizes=\"(max-width: 940px) 100vw, 940px\" \/>\n\t\t\t<\/div><\/figure><figure class='gallery-item'>\n\t\t\t<div class='gallery-icon landscape'>\n\t\t\t\t<img loading=\"lazy\" decoding=\"async\" width=\"940\" height=\"788\" src=\"https:\/\/hotel.borivage.be\/wp-content\/uploads\/2024\/03\/Camping-3.png\" class=\"attachment-full size-full\" alt=\"\" srcset=\"https:\/\/hotel.borivage.be\/wp-content\/uploads\/2024\/03\/Camping-3.png 940w, https:\/\/hotel.borivage.be\/wp-content\/uploads\/2024\/03\/Camping-3-300x251.png 300w, https:\/\/hotel.borivage.be\/wp-content\/uploads\/2024\/03\/Camping-3-768x644.png 768w\" sizes=\"(max-width: 940px) 100vw, 940px\" \/>\n\t\t\t<\/div><\/figure><figure class='gallery-item'>\n\t\t\t<div class='gallery-icon landscape'>\n\t\t\t\t<img loading=\"lazy\" decoding=\"async\" width=\"940\" height=\"788\" src=\"https:\/\/hotel.borivage.be\/wp-content\/uploads\/2024\/03\/Camping-2.png\" class=\"attachment-full size-full\" alt=\"\" srcset=\"https:\/\/hotel.borivage.be\/wp-content\/uploads\/2024\/03\/Camping-2.png 940w, https:\/\/hotel.borivage.be\/wp-content\/uploads\/2024\/03\/Camping-2-300x251.png 300w, https:\/\/hotel.borivage.be\/wp-content\/uploads\/2024\/03\/Camping-2-768x644.png 768w\" sizes=\"(max-width: 940px) 100vw, 940px\" \/>\n\t\t\t<\/div><\/figure><figure class='gallery-item'>\n\t\t\t<div class='gallery-icon landscape'>\n\t\t\t\t<img loading=\"lazy\" decoding=\"async\" width=\"940\" height=\"788\" src=\"https:\/\/hotel.borivage.be\/wp-content\/uploads\/2024\/03\/Camping-4.png\" class=\"attachment-full size-full\" alt=\"\" srcset=\"https:\/\/hotel.borivage.be\/wp-content\/uploads\/2024\/03\/Camping-4.png 940w, https:\/\/hotel.borivage.be\/wp-content\/uploads\/2024\/03\/Camping-4-300x251.png 300w, https:\/\/hotel.borivage.be\/wp-content\/uploads\/2024\/03\/Camping-4-768x644.png 768w\" sizes=\"(max-width: 940px) 100vw, 940px\" \/>\n\t\t\t<\/div><\/figure><figure class='gallery-item'>\n\t\t\t<div class='gallery-icon landscape'>\n\t\t\t\t<img loading=\"lazy\" decoding=\"async\" width=\"940\" height=\"788\" src=\"https:\/\/hotel.borivage.be\/wp-content\/uploads\/2024\/04\/image6.png\" class=\"attachment-full size-full\" alt=\"\" srcset=\"https:\/\/hotel.borivage.be\/wp-content\/uploads\/2024\/04\/image6.png 940w, https:\/\/hotel.borivage.be\/wp-content\/uploads\/2024\/04\/image6-300x251.png 300w, https:\/\/hotel.borivage.be\/wp-content\/uploads\/2024\/04\/image6-768x644.png 768w, https:\/\/hotel.borivage.be\/wp-content\/uploads\/2024\/04\/image6-14x12.png 14w\" sizes=\"(max-width: 940px) 100vw, 940px\" \/>\n\t\t\t<\/div><\/figure><figure class='gallery-item'>\n\t\t\t<div class='gallery-icon landscape'>\n\t\t\t\t<img loading=\"lazy\" decoding=\"async\" width=\"940\" height=\"788\" src=\"https:\/\/hotel.borivage.be\/wp-content\/uploads\/2024\/03\/Camping-5.png\" class=\"attachment-full size-full\" alt=\"\" srcset=\"https:\/\/hotel.borivage.be\/wp-content\/uploads\/2024\/03\/Camping-5.png 940w, https:\/\/hotel.borivage.be\/wp-content\/uploads\/2024\/03\/Camping-5-300x251.png 300w, https:\/\/hotel.borivage.be\/wp-content\/uploads\/2024\/03\/Camping-5-768x644.png 768w\" sizes=\"(max-width: 940px) 100vw, 940px\" \/>\n\t\t\t<\/div><\/figure>\n\t\t<\/div>\n\t\t<\/div>\n\t\t\t\t\t\t<\/div>\n\t\t\t\t<\/div>\n\t\t\t\t\t<\/div>\n\t\t<\/div>\n\t\t\t\t\t<\/div>\n\t\t<\/section>\n\t\t\t\t<section class=\"elementor-section elementor-top-section elementor-element elementor-element-b02e88a elementor-section-height-min-height elementor-section-boxed elementor-section-height-default elementor-section-items-middle\" data-id=\"b02e88a\" data-element_type=\"section\" data-e-type=\"section\" data-settings=\"{&quot;background_background&quot;:&quot;video&quot;,&quot;background_video_link&quot;:&quot;https:\\\/\\\/hotel.borivage.be\\\/wp-content\\\/uploads\\\/2024\\\/03\\\/Kopie-van-Video-Solidarites.mp4&quot;,&quot;background_play_once&quot;:&quot;yes&quot;,&quot;background_play_on_mobile&quot;:&quot;yes&quot;}\">\n\t\t\t\t\t\t\t\t<div class=\"elementor-background-video-container\">\n\t\t\t\t\t\t\t\t\t\t\t\t\t<video class=\"elementor-background-video-hosted\" role=\"presentation\" autoplay muted playsinline><\/video>\n\t\t\t\t\t\t\t\t\t\t\t<\/div>\n\t\t\t\t\t\t\t\t<div class=\"elementor-container elementor-column-gap-default\">\n\t\t\t\t\t<div class=\"elementor-column elementor-col-100 elementor-top-column elementor-element elementor-element-ba4a105\" data-id=\"ba4a105\" data-element_type=\"column\" data-e-type=\"column\">\n\t\t\t<div class=\"elementor-widget-wrap\">\n\t\t\t\t\t\t\t<\/div>\n\t\t<\/div>\n\t\t\t\t\t<\/div>\n\t\t<\/section>\n\t\t\t\t<\/div>\n\t\t","protected":false},"excerpt":{"rendered":"<p>Floreal Holidays parcs de vacances | h\u00f4tels | campings L\u2019h\u00f4tel B\u00f4 Rivage fait partie du groupe Floreal Holidays. Depuis 1939, Floreal Holidays propose des vacances inoubliables pour tous, \u00e0 travers ses 4 parcs de vacances comprenant des chambres d\u2019h\u00f4tels, des appartements, des studios, ainsi que l\u2019h\u00f4tel B\u00f4 Rivage et ses nombreux campings r\u00e9partis \u00e0 travers [&hellip;]<\/p>\n","protected":false},"author":1,"featured_media":0,"parent":0,"menu_order":0,"comment_status":"closed","ping_status":"closed","template":"elementor_header_footer","meta":{"footnotes":""},"class_list":["post-265","page","type-page","status-publish","hentry"],"_links":{"self":[{"href":"https:\/\/hotel.borivage.be\/fr_fr\/wp-json\/wp\/v2\/pages\/265","targetHints":{"allow":["GET"]}}],"collection":[{"href":"https:\/\/hotel.borivage.be\/fr_fr\/wp-json\/wp\/v2\/pages"}],"about":[{"href":"https:\/\/hotel.borivage.be\/fr_fr\/wp-json\/wp\/v2\/types\/page"}],"author":[{"embeddable":true,"href":"https:\/\/hotel.borivage.be\/fr_fr\/wp-json\/wp\/v2\/users\/1"}],"replies":[{"embeddable":true,"href":"https:\/\/hotel.borivage.be\/fr_fr\/wp-json\/wp\/v2\/comments?post=265"}],"version-history":[{"count":76,"href":"https:\/\/hotel.borivage.be\/fr_fr\/wp-json\/wp\/v2\/pages\/265\/revisions"}],"predecessor-version":[{"id":902,"href":"https:\/\/hotel.borivage.be\/fr_fr\/wp-json\/wp\/v2\/pages\/265\/revisions\/902"}],"wp:attachment":[{"href":"https:\/\/hotel.borivage.be\/fr_fr\/wp-json\/wp\/v2\/media?parent=265"}],"curies":[{"name":"wp","href":"https:\/\/api.w.org\/{rel}","templated":true}]}}