{"id":1178,"date":"2025-04-07T11:18:59","date_gmt":"2025-04-07T09:18:59","guid":{"rendered":"https:\/\/hotel.borivage.be\/?page_id=1178"},"modified":"2025-04-08T22:38:00","modified_gmt":"2025-04-08T20:38:00","slug":"seminaires","status":"publish","type":"page","link":"https:\/\/hotel.borivage.be\/en\/seminaires\/","title":{"rendered":"S\u00e9minaires"},"content":{"rendered":"<div data-elementor-type=\"wp-page\" data-elementor-id=\"1178\" class=\"elementor elementor-1178\" data-elementor-post-type=\"page\">\n\t\t\t\t\t\t<section class=\"elementor-section elementor-top-section elementor-element elementor-element-2067791 elementor-section-full_width elementor-section-height-min-height elementor-section-height-default elementor-section-items-middle\" data-id=\"2067791\" data-element_type=\"section\" data-e-type=\"section\" data-settings=\"{&quot;background_background&quot;:&quot;classic&quot;}\">\n\t\t\t\t\t\t\t<div class=\"elementor-background-overlay\"><\/div>\n\t\t\t\t\t\t\t<div class=\"elementor-container elementor-column-gap-default\">\n\t\t\t\t\t<div class=\"elementor-column elementor-col-50 elementor-top-column elementor-element elementor-element-0210e50\" data-id=\"0210e50\" data-element_type=\"column\" data-e-type=\"column\">\n\t\t\t<div class=\"elementor-widget-wrap elementor-element-populated\">\n\t\t\t\t\t\t<div class=\"elementor-element elementor-element-d4970b5 elementor-widget elementor-widget-heading\" data-id=\"d4970b5\" data-element_type=\"widget\" data-e-type=\"widget\" data-widget_type=\"heading.default\">\n\t\t\t\t<div class=\"elementor-widget-container\">\n\t\t\t\t\t<h2 class=\"elementor-heading-title elementor-size-default\">S\u00e9minaires<\/h2>\t\t\t\t<\/div>\n\t\t\t\t<\/div>\n\t\t\t\t<div class=\"elementor-element elementor-element-5cf97f1 elementor-widget elementor-widget-heading\" data-id=\"5cf97f1\" data-element_type=\"widget\" data-e-type=\"widget\" data-widget_type=\"heading.default\">\n\t\t\t\t<div class=\"elementor-widget-container\">\n\t\t\t\t\t<h2 class=\"elementor-heading-title elementor-size-default\">B\u00f4 Rivage<br>\nL'emplacement id\u00e9al pour vos s\u00e9minaires, r\u00e9unions et \u00e9v\u00e9nements.<\/h2>\t\t\t\t<\/div>\n\t\t\t\t<\/div>\n\t\t\t\t<div class=\"elementor-element elementor-element-671f23d elementor-widget__width-initial elementor-widget elementor-widget-text-editor\" data-id=\"671f23d\" data-element_type=\"widget\" data-e-type=\"widget\" data-widget_type=\"text-editor.default\">\n\t\t\t\t<div class=\"elementor-widget-container\">\n\t\t\t\t\t\t\t\t\t<h3 class=\"elementToProof\"><b>\ud83d\udcccJourn\u00e9e d\u2019\u00e9tude tout compris \u00e0 partir de 59 \u20ac\/jour<\/b><\/h3><div class=\"elementToProof\">Situ\u00e9 au bord du magnifique lac de Neufch\u00e2teau, au c\u0153ur des Ardennes, B\u00f4 Rivage offre un cadre unique et inspirant. Nos espaces polyvalents s&rsquo;adaptent facilement \u00e0 vos besoins.<\/div><div class=\"elementToProof\"><b>\u00a0<\/b><\/div><div class=\"elementToProof\"><b>Nos installations :<\/b><br \/>\u2022 \u00c0 seulement 5 minutes de l&rsquo;autoroute E411\/E25<br \/>\u2022 \u00c0 distance de marche du centre de Neufch\u00e2teau<br \/>\u2022 Parking gratuit &amp; 2 bornes de recharge pour voitures \u00e9lectriques<br \/>\u2022 37 chambres modernes avec vue sur le lac (chambres single, twin, double et familiales)<\/div><div class=\"elementToProof\">\u00a0<\/div><div class=\"elementToProof\"><b>Pourquoi choisir B\u00f4 Rivage ?<\/b><br \/>\u2714\ufe0f Chambres d&rsquo;h\u00f4tel confortables<br \/>\u2714\ufe0f D\u00e9licieux plats \u00e0 la brasserie B\u00f4 Rivage<br \/>\u2714\ufe0f Salles de r\u00e9union flexibles<br \/>\u2714\ufe0f Rooftop unique avec vue<\/div><div class=\"elementToProof\">\u00a0<\/div>\t\t\t\t\t\t\t\t<\/div>\n\t\t\t\t<\/div>\n\t\t\t\t\t<\/div>\n\t\t<\/div>\n\t\t\t\t<div class=\"elementor-column elementor-col-50 elementor-top-column elementor-element elementor-element-f5e7c16\" data-id=\"f5e7c16\" data-element_type=\"column\" data-e-type=\"column\">\n\t\t\t<div class=\"elementor-widget-wrap elementor-element-populated\">\n\t\t\t\t\t\t<div class=\"elementor-element elementor-element-dcd0aad elementor-widget__width-initial elementor-widget elementor-widget-text-editor\" data-id=\"dcd0aad\" data-element_type=\"widget\" data-e-type=\"widget\" data-widget_type=\"text-editor.default\">\n\t\t\t\t<div class=\"elementor-widget-container\">\n\t\t\t\t\t\t\t\t\t<div class=\"elementToProof\"><b>S\u00e9minaires, team buildings et \u00e9v\u00e9nements<\/b><br \/>La salle \u00ab\u00a0Horizon\u00a0\u00bb est situ\u00e9e au niveau de notre h\u00f4tel, offrant une vue imprenable sur le lac, tandis que la salle \u00ab\u00a0Rooftop\u00a0\u00bb se trouve \u00e0 la Brasserie B\u00f4 Rivage, au bord du lac, id\u00e9ale pour un moment de d\u00e9tente apr\u00e8s une journ\u00e9e productive.<\/div>\t\t\t\t\t\t\t\t<\/div>\n\t\t\t\t<\/div>\n\t\t\t\t<div class=\"elementor-element elementor-element-2ddf756 bs-booking-button elementor-widget elementor-widget-button\" data-id=\"2ddf756\" data-element_type=\"widget\" data-e-type=\"widget\" data-widget_type=\"button.default\">\n\t\t\t\t<div class=\"elementor-widget-container\">\n\t\t\t\t\t\t\t\t\t<div class=\"elementor-button-wrapper\">\n\t\t\t\t\t<a class=\"elementor-button elementor-button-link elementor-size-sm\" href=\"#\">\n\t\t\t\t\t\t<span class=\"elementor-button-content-wrapper\">\n\t\t\t\t\t\t\t\t\t<span class=\"elementor-button-text\">\ud83d\udce9\u00a0Demandez votre devis d\u00e8s maintenant !<\/span>\n\t\t\t\t\t<\/span>\n\t\t\t\t\t<\/a>\n\t\t\t\t<\/div>\n\t\t\t\t\t\t\t\t<\/div>\n\t\t\t\t<\/div>\n\t\t\t\t<div class=\"elementor-element elementor-element-e59360d elementor-widget__width-initial elementor-widget elementor-widget-text-editor\" data-id=\"e59360d\" data-element_type=\"widget\" data-e-type=\"widget\" data-widget_type=\"text-editor.default\">\n\t\t\t\t<div class=\"elementor-widget-container\">\n\t\t\t\t\t\t\t\t\t<div class=\"elementToProof\"><b>Private &amp; Corporate Events<\/b><\/div><div class=\"elementToProof\">Entrust your event to our dedicated team, supporting you from start to finish. Enjoy the warm atmosphere of our brasserie and the breathtaking view of the lake \u2013 the perfect setting for an unforgettable experience.<\/div><div class=\"elementToProof\">\ud83d\udcdeContactez-nous d\u00e8s aujourd\u2019hui !<\/div><div class=\"elementToProof\">\ud83d\udce7\u00a0info@brasserieborivage.be | \u260e\ufe0f\u00a0+32 (0) 470 10 25 55<\/div><div class=\"elementToProof\"><b>\u00a0<\/b><\/div><div class=\"elementToProof\"><b>Brasserie B\u00f4 Rivage<\/b><br \/>Profitez d&rsquo;une vue imprenable sur le lac pendant votre pause gastronomique. Choisissez l&rsquo;ambiance qui vous convient : notre brasserie cosy ou le rooftop priv\u00e9. Notre cuisine de style brasserie propose une d\u00e9licieuse combinaison de saveurs de la cuisine fran\u00e7aise, des sp\u00e9cialit\u00e9s belges et des d\u00e9couvertes exotiques.<\/div>\t\t\t\t\t\t\t\t<\/div>\n\t\t\t\t<\/div>\n\t\t\t\t<div class=\"elementor-element elementor-element-8011040 elementor-widget elementor-widget-button\" data-id=\"8011040\" data-element_type=\"widget\" data-e-type=\"widget\" data-widget_type=\"button.default\">\n\t\t\t\t<div class=\"elementor-widget-container\">\n\t\t\t\t\t\t\t\t\t<div class=\"elementor-button-wrapper\">\n\t\t\t\t\t<a class=\"elementor-button elementor-button-link elementor-size-sm\" href=\"https:\/\/brasserie.borivage.be\/en\/\" target=\"_blank\">\n\t\t\t\t\t\t<span class=\"elementor-button-content-wrapper\">\n\t\t\t\t\t\t\t\t\t<span class=\"elementor-button-text\">Brasserie B\u00f4 Rivage<\/span>\n\t\t\t\t\t<\/span>\n\t\t\t\t\t<\/a>\n\t\t\t\t<\/div>\n\t\t\t\t\t\t\t\t<\/div>\n\t\t\t\t<\/div>\n\t\t\t\t\t<\/div>\n\t\t<\/div>\n\t\t\t\t\t<\/div>\n\t\t<\/section>\n\t\t\t\t<section class=\"elementor-section elementor-top-section elementor-element elementor-element-cfad2c7 elementor-section-full_width elementor-section-height-default elementor-section-height-default\" data-id=\"cfad2c7\" data-element_type=\"section\" data-e-type=\"section\">\n\t\t\t\t\t\t<div class=\"elementor-container elementor-column-gap-default\">\n\t\t\t\t\t<div class=\"elementor-column elementor-col-100 elementor-top-column elementor-element elementor-element-8dc88ed\" data-id=\"8dc88ed\" data-element_type=\"column\" data-e-type=\"column\">\n\t\t\t<div class=\"elementor-widget-wrap elementor-element-populated\">\n\t\t\t\t\t\t<div class=\"elementor-element elementor-element-5d4057d gallery-spacing-custom elementor-widget elementor-widget-image-gallery\" data-id=\"5d4057d\" data-element_type=\"widget\" data-e-type=\"widget\" data-widget_type=\"image-gallery.default\">\n\t\t\t\t<div class=\"elementor-widget-container\">\n\t\t\t\t\t\t\t<div class=\"elementor-image-gallery\">\n\t\t\t<div id='gallery-1' class='gallery galleryid-1178 gallery-columns-3 gallery-size-full'><figure class='gallery-item'>\n\t\t\t<div class='gallery-icon landscape'>\n\t\t\t\t<a data-elementor-open-lightbox=\"yes\" data-elementor-lightbox-slideshow=\"5d4057d\" data-elementor-lightbox-title=\"IMG_5484\" data-e-action-hash=\"#elementor-action%3Aaction%3Dlightbox%26settings%3DeyJpZCI6MTE4NCwidXJsIjoiaHR0cHM6XC9cL2hvdGVsLmJvcml2YWdlLmJlXC93cC1jb250ZW50XC91cGxvYWRzXC8yMDI1XC8wNFwvSU1HXzU0ODQuanBnIiwic2xpZGVzaG93IjoiNWQ0MDU3ZCJ9\" href='https:\/\/hotel.borivage.be\/wp-content\/uploads\/2025\/04\/IMG_5484.jpg'><img fetchpriority=\"high\" decoding=\"async\" width=\"1500\" height=\"1126\" src=\"https:\/\/hotel.borivage.be\/wp-content\/uploads\/2025\/04\/IMG_5484.jpg\" class=\"attachment-full size-full\" alt=\"\" srcset=\"https:\/\/hotel.borivage.be\/wp-content\/uploads\/2025\/04\/IMG_5484.jpg 1500w, https:\/\/hotel.borivage.be\/wp-content\/uploads\/2025\/04\/IMG_5484-300x225.jpg 300w, https:\/\/hotel.borivage.be\/wp-content\/uploads\/2025\/04\/IMG_5484-1024x769.jpg 1024w, https:\/\/hotel.borivage.be\/wp-content\/uploads\/2025\/04\/IMG_5484-768x577.jpg 768w, https:\/\/hotel.borivage.be\/wp-content\/uploads\/2025\/04\/IMG_5484-16x12.jpg 16w\" sizes=\"(max-width: 1500px) 100vw, 1500px\" \/><\/a>\n\t\t\t<\/div><\/figure><figure class='gallery-item'>\n\t\t\t<div class='gallery-icon landscape'>\n\t\t\t\t<a data-elementor-open-lightbox=\"yes\" data-elementor-lightbox-slideshow=\"5d4057d\" data-elementor-lightbox-title=\"IMG_5554\" data-e-action-hash=\"#elementor-action%3Aaction%3Dlightbox%26settings%3DeyJpZCI6MTE4NiwidXJsIjoiaHR0cHM6XC9cL2hvdGVsLmJvcml2YWdlLmJlXC93cC1jb250ZW50XC91cGxvYWRzXC8yMDI1XC8wNFwvSU1HXzU1NTQuanBnIiwic2xpZGVzaG93IjoiNWQ0MDU3ZCJ9\" href='https:\/\/hotel.borivage.be\/wp-content\/uploads\/2025\/04\/IMG_5554.jpg'><img decoding=\"async\" width=\"1500\" height=\"1125\" src=\"https:\/\/hotel.borivage.be\/wp-content\/uploads\/2025\/04\/IMG_5554.jpg\" class=\"attachment-full size-full\" alt=\"\" srcset=\"https:\/\/hotel.borivage.be\/wp-content\/uploads\/2025\/04\/IMG_5554.jpg 1500w, https:\/\/hotel.borivage.be\/wp-content\/uploads\/2025\/04\/IMG_5554-300x225.jpg 300w, https:\/\/hotel.borivage.be\/wp-content\/uploads\/2025\/04\/IMG_5554-1024x768.jpg 1024w, https:\/\/hotel.borivage.be\/wp-content\/uploads\/2025\/04\/IMG_5554-768x576.jpg 768w, https:\/\/hotel.borivage.be\/wp-content\/uploads\/2025\/04\/IMG_5554-16x12.jpg 16w\" sizes=\"(max-width: 1500px) 100vw, 1500px\" \/><\/a>\n\t\t\t<\/div><\/figure><figure class='gallery-item'>\n\t\t\t<div class='gallery-icon landscape'>\n\t\t\t\t<a data-elementor-open-lightbox=\"yes\" data-elementor-lightbox-slideshow=\"5d4057d\" data-elementor-lightbox-title=\"IMG_5539\" data-e-action-hash=\"#elementor-action%3Aaction%3Dlightbox%26settings%3DeyJpZCI6MTE4NSwidXJsIjoiaHR0cHM6XC9cL2hvdGVsLmJvcml2YWdlLmJlXC93cC1jb250ZW50XC91cGxvYWRzXC8yMDI1XC8wNFwvSU1HXzU1MzkuanBnIiwic2xpZGVzaG93IjoiNWQ0MDU3ZCJ9\" href='https:\/\/hotel.borivage.be\/wp-content\/uploads\/2025\/04\/IMG_5539.jpg'><img decoding=\"async\" width=\"1500\" height=\"1124\" src=\"https:\/\/hotel.borivage.be\/wp-content\/uploads\/2025\/04\/IMG_5539.jpg\" class=\"attachment-full size-full\" alt=\"\" srcset=\"https:\/\/hotel.borivage.be\/wp-content\/uploads\/2025\/04\/IMG_5539.jpg 1500w, https:\/\/hotel.borivage.be\/wp-content\/uploads\/2025\/04\/IMG_5539-300x225.jpg 300w, https:\/\/hotel.borivage.be\/wp-content\/uploads\/2025\/04\/IMG_5539-1024x767.jpg 1024w, https:\/\/hotel.borivage.be\/wp-content\/uploads\/2025\/04\/IMG_5539-768x575.jpg 768w, https:\/\/hotel.borivage.be\/wp-content\/uploads\/2025\/04\/IMG_5539-16x12.jpg 16w\" sizes=\"(max-width: 1500px) 100vw, 1500px\" \/><\/a>\n\t\t\t<\/div><\/figure>\n\t\t<\/div>\n\t\t<\/div>\n\t\t\t\t\t\t<\/div>\n\t\t\t\t<\/div>\n\t\t\t\t\t<\/div>\n\t\t<\/div>\n\t\t\t\t\t<\/div>\n\t\t<\/section>\n\t\t\t\t<\/div>","protected":false},"excerpt":{"rendered":"<p>S\u00e9minaires B\u00f4 Rivage L&#8217;emplacement id\u00e9al pour vos s\u00e9minaires, r\u00e9unions et \u00e9v\u00e9nements. \ud83d\udcccJourn\u00e9e d\u2019\u00e9tude tout compris \u00e0 partir de 59 \u20ac\/jour Situ\u00e9 au bord du magnifique lac de Neufch\u00e2teau, au c\u0153ur des Ardennes, B\u00f4 Rivage offre un cadre unique et inspirant. Nos espaces polyvalents s&rsquo;adaptent facilement \u00e0 vos besoins.\u00a0Nos installations :\u2022 \u00c0 seulement 5 minutes de [&hellip;]<\/p>\n","protected":false},"author":1,"featured_media":0,"parent":0,"menu_order":0,"comment_status":"closed","ping_status":"closed","template":"elementor_header_footer","meta":{"footnotes":""},"class_list":["post-1178","page","type-page","status-publish","hentry"],"_links":{"self":[{"href":"https:\/\/hotel.borivage.be\/en\/wp-json\/wp\/v2\/pages\/1178","targetHints":{"allow":["GET"]}}],"collection":[{"href":"https:\/\/hotel.borivage.be\/en\/wp-json\/wp\/v2\/pages"}],"about":[{"href":"https:\/\/hotel.borivage.be\/en\/wp-json\/wp\/v2\/types\/page"}],"author":[{"embeddable":true,"href":"https:\/\/hotel.borivage.be\/en\/wp-json\/wp\/v2\/users\/1"}],"replies":[{"embeddable":true,"href":"https:\/\/hotel.borivage.be\/en\/wp-json\/wp\/v2\/comments?post=1178"}],"version-history":[{"count":16,"href":"https:\/\/hotel.borivage.be\/en\/wp-json\/wp\/v2\/pages\/1178\/revisions"}],"predecessor-version":[{"id":1202,"href":"https:\/\/hotel.borivage.be\/en\/wp-json\/wp\/v2\/pages\/1178\/revisions\/1202"}],"wp:attachment":[{"href":"https:\/\/hotel.borivage.be\/en\/wp-json\/wp\/v2\/media?parent=1178"}],"curies":[{"name":"wp","href":"https:\/\/api.w.org\/{rel}","templated":true}]}}