{"id":1052,"date":"2025-02-18T13:00:38","date_gmt":"2025-02-18T12:00:38","guid":{"rendered":"https:\/\/hotel.borivage.be\/?page_id=1052"},"modified":"2025-02-18T15:54:59","modified_gmt":"2025-02-18T14:54:59","slug":"jobs","status":"publish","type":"page","link":"https:\/\/hotel.borivage.be\/en\/jobs\/","title":{"rendered":"Jobs"},"content":{"rendered":"<div data-elementor-type=\"wp-page\" data-elementor-id=\"1052\" class=\"elementor elementor-1052\" data-elementor-post-type=\"page\">\n\t\t\t\t\t\t<section class=\"elementor-section elementor-top-section elementor-element elementor-element-e67676d elementor-section-height-min-height elementor-section-boxed elementor-section-height-default elementor-section-items-middle\" data-id=\"e67676d\" data-element_type=\"section\" data-e-type=\"section\" data-settings=\"{&quot;background_background&quot;:&quot;classic&quot;}\">\n\t\t\t\t\t\t<div class=\"elementor-container elementor-column-gap-default\">\n\t\t\t\t\t<div class=\"elementor-column elementor-col-100 elementor-top-column elementor-element elementor-element-bca36be\" data-id=\"bca36be\" data-element_type=\"column\" data-e-type=\"column\">\n\t\t\t<div class=\"elementor-widget-wrap\">\n\t\t\t\t\t\t\t<\/div>\n\t\t<\/div>\n\t\t\t\t\t<\/div>\n\t\t<\/section>\n\t\t\t\t<section class=\"elementor-section elementor-top-section elementor-element elementor-element-fe5d422 elementor-section-full_width elementor-section-height-min-height elementor-section-stretched elementor-section-height-default elementor-section-items-middle elementor-invisible\" data-id=\"fe5d422\" data-element_type=\"section\" data-e-type=\"section\" data-settings=\"{&quot;stretch_section&quot;:&quot;section-stretched&quot;,&quot;background_background&quot;:&quot;classic&quot;,&quot;animation&quot;:&quot;slideInUp&quot;}\">\n\t\t\t\t\t\t\t<div class=\"elementor-background-overlay\"><\/div>\n\t\t\t\t\t\t\t<div class=\"elementor-container elementor-column-gap-default\">\n\t\t\t\t\t<div class=\"elementor-column elementor-col-100 elementor-top-column elementor-element elementor-element-73662bf\" data-id=\"73662bf\" data-element_type=\"column\" data-e-type=\"column\">\n\t\t\t<div class=\"elementor-widget-wrap elementor-element-populated\">\n\t\t\t\t\t\t<div class=\"elementor-element elementor-element-7477d16 elementor-widget elementor-widget-heading\" data-id=\"7477d16\" data-element_type=\"widget\" data-e-type=\"widget\" data-widget_type=\"heading.default\">\n\t\t\t\t<div class=\"elementor-widget-container\">\n\t\t\t\t\t<h2 class=\"elementor-heading-title elementor-size-default\">jobs<\/h2>\t\t\t\t<\/div>\n\t\t\t\t<\/div>\n\t\t\t\t<div class=\"elementor-element elementor-element-cc04ef9 elementor-widget elementor-widget-text-editor\" data-id=\"cc04ef9\" data-element_type=\"widget\" data-e-type=\"widget\" data-widget_type=\"text-editor.default\">\n\t\t\t\t<div class=\"elementor-widget-container\">\n\t\t\t\t\t\t\t\t\t<p><strong>Rejoignez notre \u00e9quipe<\/strong> passionn\u00e9e par l\u2019h\u00f4tellerie !<br \/>Vous aimez accueillir les clients, leur faire d\u00e9couvrir la r\u00e9gion et offrir une exp\u00e9rience client exceptionnelle ? D\u00e9couvrez nos opportunit\u00e9s d\u2019emploi.<br \/>Si aucune offre ne correspond \u00e0 votre profil, envoyez-nous votre <strong>CV<\/strong> \u00e0 <a href=\"mailto:direction.neufchateau@florealgroup.be\">direction.neufchateau@florealgroup.be<\/a>.<br \/><strong>Int\u00e9ress\u00e9(e) par la restauration ?<\/strong> D\u00e9couvrez nos offres d\u2019emploi <strong><a href=\"https:\/\/brasserie.borivage.be\/jobs\/\" target=\"_blank\" rel=\"noopener\">ici<\/a> <\/strong>pour notre brasserie, situ\u00e9e \u00e0 quelques pas de l\u2019h\u00f4tel.<\/p>\t\t\t\t\t\t\t\t<\/div>\n\t\t\t\t<\/div>\n\t\t\t\t<section class=\"elementor-section elementor-inner-section elementor-element elementor-element-669e708 elementor-section-full_width elementor-section-height-default elementor-section-height-default\" data-id=\"669e708\" data-element_type=\"section\" data-e-type=\"section\" data-settings=\"{&quot;background_background&quot;:&quot;classic&quot;}\">\n\t\t\t\t\t\t\t<div class=\"elementor-background-overlay\"><\/div>\n\t\t\t\t\t\t\t<div class=\"elementor-container elementor-column-gap-default\">\n\t\t\t\t\t<div class=\"elementor-column elementor-col-50 elementor-inner-column elementor-element elementor-element-1eba17f elementor-invisible\" data-id=\"1eba17f\" data-element_type=\"column\" data-e-type=\"column\" data-settings=\"{&quot;background_background&quot;:&quot;classic&quot;,&quot;animation&quot;:&quot;slideInUp&quot;}\">\n\t\t\t<div class=\"elementor-widget-wrap elementor-element-populated\">\n\t\t\t\t\t\t<div class=\"elementor-element elementor-element-09ada5b elementor-widget elementor-widget-image\" data-id=\"09ada5b\" data-element_type=\"widget\" data-e-type=\"widget\" data-widget_type=\"image.default\">\n\t\t\t\t<div class=\"elementor-widget-container\">\n\t\t\t\t\t\t\t\t\t\t\t\t\t\t\t<img fetchpriority=\"high\" decoding=\"async\" width=\"800\" height=\"671\" src=\"https:\/\/hotel.borivage.be\/wp-content\/uploads\/2024\/03\/24.png\" class=\"attachment-large size-large wp-image-274\" alt=\"\" srcset=\"https:\/\/hotel.borivage.be\/wp-content\/uploads\/2024\/03\/24.png 940w, https:\/\/hotel.borivage.be\/wp-content\/uploads\/2024\/03\/24-300x251.png 300w, https:\/\/hotel.borivage.be\/wp-content\/uploads\/2024\/03\/24-768x644.png 768w\" sizes=\"(max-width: 800px) 100vw, 800px\" \/>\t\t\t\t\t\t\t\t\t\t\t\t\t\t\t<\/div>\n\t\t\t\t<\/div>\n\t\t\t\t\t<\/div>\n\t\t<\/div>\n\t\t\t\t<div class=\"elementor-column elementor-col-50 elementor-inner-column elementor-element elementor-element-b07450a elementor-invisible\" data-id=\"b07450a\" data-element_type=\"column\" data-e-type=\"column\" data-settings=\"{&quot;background_background&quot;:&quot;classic&quot;,&quot;animation&quot;:&quot;slideInUp&quot;}\">\n\t\t\t<div class=\"elementor-widget-wrap elementor-element-populated\">\n\t\t\t\t\t\t<div class=\"elementor-element elementor-element-a209877 elementor-widget elementor-widget-heading\" data-id=\"a209877\" data-element_type=\"widget\" data-e-type=\"widget\" data-widget_type=\"heading.default\">\n\t\t\t\t<div class=\"elementor-widget-container\">\n\t\t\t\t\t<h2 class=\"elementor-heading-title elementor-size-default\"> Collaborateur r\u00e9ception (H\/F\/X) \u2013 H\u00f4tel B\u00f4 Rivage (Neufch\u00e2teau)<\/h2>\t\t\t\t<\/div>\n\t\t\t\t<\/div>\n\t\t\t\t<div class=\"elementor-element elementor-element-7959d1e elementor-widget__width-initial elementor-widget elementor-widget-text-editor\" data-id=\"7959d1e\" data-element_type=\"widget\" data-e-type=\"widget\" data-widget_type=\"text-editor.default\">\n\t\t\t\t<div class=\"elementor-widget-container\">\n\t\t\t\t\t\t\t\t\t<div class=\"elementToProof\">Notre h\u00f4tel de 37 chambres offre un cadre paisible et convivial, id\u00e9alement situ\u00e9 pr\u00e8s de la Vall\u00e9e du Lac et des axes E411\/E25. En int\u00e9grant notre \u00e9quipe, vous contribuerez \u00e0 offrir une exp\u00e9rience unique aux clients, qu\u2019ils voyagent pour affaires ou loisirs. Entre nature, s\u00e9r\u00e9nit\u00e9 et service de qualit\u00e9, venez travailler dans un environnement chaleureux avec une vue imprenable sur le lac !<\/div><div class=\"elementToProof\">\u00a0<\/div><div class=\"elementToProof\"><b>Vous souhaitez participer \u00e0 cette aventure et donner un coup de fouet \u00e0 votre carri\u00e8re ? Le poste ci-dessous est peut-\u00eatre fait pour vous !<\/b><\/div>\t\t\t\t\t\t\t\t<\/div>\n\t\t\t\t<\/div>\n\t\t\t\t<div class=\"elementor-element elementor-element-6c422c4 elementor-widget elementor-widget-toggle\" data-id=\"6c422c4\" data-element_type=\"widget\" data-e-type=\"widget\" data-widget_type=\"toggle.default\">\n\t\t\t\t<div class=\"elementor-widget-container\">\n\t\t\t\t\t\t\t<div class=\"elementor-toggle\">\n\t\t\t\t\t\t\t<div class=\"elementor-toggle-item\">\n\t\t\t\t\t<div id=\"elementor-tab-title-1131\" class=\"elementor-tab-title\" data-tab=\"1\" role=\"button\" aria-controls=\"elementor-tab-content-1131\" aria-expanded=\"false\">\n\t\t\t\t\t\t\t\t\t\t\t\t<span class=\"elementor-toggle-icon elementor-toggle-icon-left\" aria-hidden=\"true\">\n\t\t\t\t\t\t\t\t\t\t\t\t\t\t\t<span class=\"elementor-toggle-icon-closed\"><svg class=\"e-font-icon-svg e-fas-caret-right\" viewbox=\"0 0 192 512\" xmlns=\"http:\/\/www.w3.org\/2000\/svg\"><path d=\"M0 384.662V127.338c0-17.818 21.543-26.741 34.142-14.142l128.662 128.662c7.81 7.81 7.81 20.474 0 28.284L34.142 398.804C21.543 411.404 0 402.48 0 384.662z\"><\/path><\/svg><\/span>\n\t\t\t\t\t\t\t\t<span class=\"elementor-toggle-icon-opened\"><svg class=\"elementor-toggle-icon-opened e-font-icon-svg e-fas-caret-up\" viewbox=\"0 0 320 512\" xmlns=\"http:\/\/www.w3.org\/2000\/svg\"><path d=\"M288.662 352H31.338c-17.818 0-26.741-21.543-14.142-34.142l128.662-128.662c7.81-7.81 20.474-7.81 28.284 0l128.662 128.662c12.6 12.599 3.676 34.142-14.142 34.142z\"><\/path><\/svg><\/span>\n\t\t\t\t\t\t\t\t\t\t\t\t\t<\/span>\n\t\t\t\t\t\t\t\t\t\t\t\t<a class=\"elementor-toggle-title\" tabindex=\"0\">T\u00e2ches<\/a>\n\t\t\t\t\t<\/div>\n\n\t\t\t\t\t<div id=\"elementor-tab-content-1131\" class=\"elementor-tab-content elementor-clearfix\" data-tab=\"1\" role=\"region\" aria-labelledby=\"elementor-tab-title-1131\"><div class=\"elementToProof\">Un poste de collaborateur r\u00e9ception est \u00e0 pourvoir pour les t\u00e2ches suivantes :<\/div><div class=\"elementToProof\"><b>\u00a0<\/b><\/div><div class=\"elementToProof\"><b>L\u2019accueil :<\/b><\/div><ul><li>Vous accueillez les clients, vous fournissez les informations n\u00e9cessaires et assumez\u00a0l&rsquo;administration relative au check-in, vous remettez la carte de la chambre et orientez les clients dans l&rsquo;h\u00f4tel<\/li><li>Vous informez les clients (quartiers commer\u00e7ants, restaurants, curiosit\u00e9s, promenades, etc.), solutionnez les\u00a0probl\u00e8mes est vous \u00eates en permanence attentif aux besoins du client.<\/li><li>Vous vous occupez des r\u00e9servations tant internes qu&rsquo;externes (restaurant, repr\u00e9sentations, transport, sorties)<\/li><li>Vous assumez l&rsquo;administration check-out: vous r\u00e9digez les factures, vous faites l&rsquo;addition, vous encaisse et\u00a0contr\u00f4lez les moyens de paiement.<\/li><\/ul><div class=\"elementToProof\">\u00a0<\/div><div class=\"elementToProof\"><b>L\u2019administration :<\/b><\/div><ul><li>Vous traitez tous les documents relatifs \u00e0 la location de chambres et au s\u00e9jour des clients<\/li><li>Vous traitez les donn\u00e9es relatives aux inscriptions et paiements, vous r\u00e9digez les rapports de caisse, vous r\u00e9digez les check-lists (location de chambre, r\u00e9servations, annulations, service de r\u00e9veil, etc.) et vous classez\u00a0les documents<\/li><\/ul><div class=\"elementToProof\">\u00a0<\/div><div class=\"elementToProof\"><b>La communication :<\/b><\/div><ul><li>Vous fournissez, sur base du planning ou sur demande, des instructions op\u00e9rationnelles aux responsables\u00a0des d\u00e9partements ou services (par ex. restaurant, service de nettoyage, \u2026)<\/li><li>Vous faites rapport aux responsables ou coll\u00e8gues de la situation (travail en roulement)<\/li><li>Vous assumez le courrier, vous envoyez de la documentation, vous triez le courrier<\/li><li>Vous assumez le t\u00e9l\u00e9phone: vous fournissez des informations, vous enregistrez les r\u00e9servations, vous\u00a0prenez note des messages, \u2026..<\/li><li>Vous \u00eates responsable de l&rsquo;ordre et la nettet\u00e9 dans l&rsquo;accueil<\/li><\/ul><div class=\"elementToProof\">\u00a0<\/div><div class=\"elementToProof\"><b>Profil<\/b><\/div><div class=\"elementToProof\">Nous recherchons un v\u00e9ritable esprit d&rsquo;\u00e9quipe qui ose se remettre en question, qui recherche l&rsquo;innovation et l&rsquo;individualit\u00e9 et pour qui l&rsquo;hospitalit\u00e9 est une n\u00e9cessit\u00e9 absolue.<\/div><ul><li>Vous \u00e9crivez et parlez couramment le fran\u00e7ais ( la connaissance du N\u00e9erlandais est une valeur ajout\u00e9e )<\/li><li>Vous \u00eates motiv\u00e9(e) et entreprenant(e)<\/li><li>Vous avez le sens de l\u2019hospitalit\u00e9<\/li><li>Vous \u00eates cr\u00e9atif et vous trouvez de nouvelles id\u00e9es<\/li><li>La Connaissance de la programme Muse + exp\u00e9rience avec la gestion des groupes est un atout<\/li><li>Vous \u00eates communicatif et avez une attitude positive<\/li><li>Vous travaillez de mani\u00e8re autonome mais aussi en \u00e9quipe<\/li><li>Vous \u00eates fiable, ponctuel et r\u00e9sistant au stress<\/li><li>Flexible, enthousiaste et pr\u00eat \u00e0 travailler le soir et le week-end.<\/li><\/ul><div class=\"elementToProof\">\u00a0<\/div><div class=\"elementToProof\"><b>Nous offrons<\/b><\/div><div class=\"elementToProof\">Un poste passionnant dans une organisation dynamique et saine qui met l&rsquo;accent sur la diversit\u00e9, les possibilit\u00e9s de formation et les perspectives d&rsquo;avancement.<\/div><ul><li>Un contrat \u00e0 temps plein ( 3 ou 4 jours cons\u00e9cutifs de 8h \u00e0 11h et de 14h \u00e0 22h, nuit\u00e9es sur place )<\/li><li>Salaire comp\u00e9titif<\/li><li>Une organisation qui laisse place \u00e0 l&rsquo;initiative et \u00e0 la cr\u00e9ativit\u00e9<\/li><li>Indemnit\u00e9 kilom\u00e9trique ou de v\u00e9lo<\/li><li>Possibilit\u00e9s de formation interne<\/li><li>\u00c9coch\u00e8ques<\/li><li>Prime de fin d&rsquo;ann\u00e9e<\/li><li>Tarif sp\u00e9cial dans tous les sites du groupe Floreal<\/li><\/ul><div class=\"elementToProof\">\u00a0<\/div><div class=\"elementToProof\">\u00a0<\/div><div class=\"elementToProof\"><b>Int\u00e9ress\u00e9(e) ?<\/b><\/div><div class=\"elementToProof\">Vous vous retrouvez dans ce profil ou vous souhaitez obtenir plus d&rsquo;informations sur ce poste vacant ? N&rsquo;h\u00e9sitez pas \u00e0 nous envoyer votre curriculum vitae accompagn\u00e9 d&rsquo;une lettre de motivation :<\/div><div class=\"elementToProof\">Floreal Group \u00e0 l&rsquo;attention de Madame Kathy Spigt<\/div><div class=\"elementToProof\">Site Manager de B\u00f4 Rivage<\/div><div class=\"elementToProof\">E-mail :\u00a0 <u><a id=\"OWAed64caba-fc12-ca94-ba96-bac224d114df\" class=\"OWAAutoLink\" href=\"mailto:direction.neufchateau@florealgroup.be\">direction.neufchateau@florealgroup.be<\/a><\/u><\/div><\/div>\n\t\t\t\t<\/div>\n\t\t\t\t\t\t\t\t<\/div>\n\t\t\t\t\t\t<\/div>\n\t\t\t\t<\/div>\n\t\t\t\t\t<\/div>\n\t\t<\/div>\n\t\t\t\t\t<\/div>\n\t\t<\/section>\n\t\t\t\t\t<\/div>\n\t\t<\/div>\n\t\t\t\t\t<\/div>\n\t\t<\/section>\n\t\t\t\t<\/div>","protected":false},"excerpt":{"rendered":"<p>jobs Rejoignez notre \u00e9quipe passionn\u00e9e par l\u2019h\u00f4tellerie !Vous aimez accueillir les clients, leur faire d\u00e9couvrir la r\u00e9gion et offrir une exp\u00e9rience client exceptionnelle ? D\u00e9couvrez nos opportunit\u00e9s d\u2019emploi.Si aucune offre ne correspond \u00e0 votre profil, envoyez-nous votre CV \u00e0 direction.neufchateau@florealgroup.be.Int\u00e9ress\u00e9(e) par la restauration ? D\u00e9couvrez nos offres d\u2019emploi ici pour notre brasserie, situ\u00e9e \u00e0 quelques [&hellip;]<\/p>\n","protected":false},"author":1,"featured_media":0,"parent":0,"menu_order":0,"comment_status":"closed","ping_status":"closed","template":"elementor_header_footer","meta":{"footnotes":""},"class_list":["post-1052","page","type-page","status-publish","hentry"],"_links":{"self":[{"href":"https:\/\/hotel.borivage.be\/en\/wp-json\/wp\/v2\/pages\/1052","targetHints":{"allow":["GET"]}}],"collection":[{"href":"https:\/\/hotel.borivage.be\/en\/wp-json\/wp\/v2\/pages"}],"about":[{"href":"https:\/\/hotel.borivage.be\/en\/wp-json\/wp\/v2\/types\/page"}],"author":[{"embeddable":true,"href":"https:\/\/hotel.borivage.be\/en\/wp-json\/wp\/v2\/users\/1"}],"replies":[{"embeddable":true,"href":"https:\/\/hotel.borivage.be\/en\/wp-json\/wp\/v2\/comments?post=1052"}],"version-history":[{"count":26,"href":"https:\/\/hotel.borivage.be\/en\/wp-json\/wp\/v2\/pages\/1052\/revisions"}],"predecessor-version":[{"id":1326,"href":"https:\/\/hotel.borivage.be\/en\/wp-json\/wp\/v2\/pages\/1052\/revisions\/1326"}],"wp:attachment":[{"href":"https:\/\/hotel.borivage.be\/en\/wp-json\/wp\/v2\/media?parent=1052"}],"curies":[{"name":"wp","href":"https:\/\/api.w.org\/{rel}","templated":true}]}}